{"id":59,"date":"2018-04-11T10:57:58","date_gmt":"2018-04-11T08:57:58","guid":{"rendered":"http:\/\/www.minibull.ch\/site\/?page_id=59"},"modified":"2018-04-11T12:16:29","modified_gmt":"2018-04-11T10:16:29","slug":"rasseportrait","status":"publish","type":"page","link":"https:\/\/www.minibull.ch\/site\/rasseportrait\/","title":{"rendered":"Rasseportrait"},"content":{"rendered":"<p>[et_pb_section bb_built=&#8220;1&#8243; fullwidth=&#8220;off&#8220; specialty=&#8220;off&#8220; _builder_version=&#8220;3.0.106&#8243; background_color=&#8220;#5e5e5e&#8220; next_background_color=&#8220;#ffffff&#8220;][et_pb_row][et_pb_column type=&#8220;1_3&#8243;][et_pb_image _builder_version=&#8220;3.0.106&#8243; src=&#8220;http:\/\/www.minibull.ch\/site\/wp-content\/uploads\/2018\/04\/8.jpg&#8220; show_in_lightbox=&#8220;off&#8220; url_new_window=&#8220;off&#8220; use_overlay=&#8220;off&#8220; always_center_on_mobile=&#8220;on&#8220; force_fullwidth=&#8220;off&#8220; show_bottom_space=&#8220;on&#8220; \/][\/et_pb_column][et_pb_column type=&#8220;1_3&#8243;][et_pb_image _builder_version=&#8220;3.0.106&#8243; src=&#8220;http:\/\/www.minibull.ch\/site\/wp-content\/uploads\/2018\/04\/11.jpg&#8220; show_in_lightbox=&#8220;off&#8220; url_new_window=&#8220;off&#8220; use_overlay=&#8220;off&#8220; always_center_on_mobile=&#8220;on&#8220; force_fullwidth=&#8220;off&#8220; show_bottom_space=&#8220;on&#8220; \/][\/et_pb_column][et_pb_column type=&#8220;1_3&#8243;][et_pb_image _builder_version=&#8220;3.0.106&#8243; src=&#8220;http:\/\/www.minibull.ch\/site\/wp-content\/uploads\/2018\/04\/14.jpg&#8220; show_in_lightbox=&#8220;off&#8220; url_new_window=&#8220;off&#8220; use_overlay=&#8220;off&#8220; always_center_on_mobile=&#8220;on&#8220; force_fullwidth=&#8220;off&#8220; show_bottom_space=&#8220;on&#8220; \/][\/et_pb_column][\/et_pb_row][\/et_pb_section][et_pb_section bb_built=&#8220;1&#8243; prev_background_color=&#8220;#5e5e5e&#8220;][et_pb_row][et_pb_column type=&#8220;2_3&#8243;][et_pb_text _builder_version=&#8220;3.0.106&#8243; background_layout=&#8220;light&#8220;]<\/p>\n<p class=\"p1\"><strong><span class=\"s1\">Rasseportrait<\/span><\/strong><\/p>\n<p class=\"p1\"><span class=\"s2\">Der Miniature Bull Terrier, eine v\u00f6llig eigenst\u00e4ndige Hunderasse, ist mit einer Gr\u00f6sse von rund 36 cm Schulterh\u00f6he die verkleinerte Ausgabe des Bull Terriers.<\/span><\/p>\n<p class=\"p1\"><span class=\"s2\">Der Mini ist jedoch kein echter Zwerg. Wenn er dem Rassestandard entspricht, fehlen ihm die typischen Merkmale eines Zwerghundes wie runder Sch\u00e4del oder runde Augen.<\/span><\/p>\n<p class=\"p1\"><span class=\"s2\">Er erreicht ein K\u00f6rpergewicht von ca. 10\u201315 kg mit gut ausgepr\u00e4gter Muskulatur. Der Kopf ist kr\u00e4ftig und nicht grob. Von vorne gesehen soll er eif\u00f6rmig und gut ausgef\u00fcllt wirken und die kleinen, dreieckig erscheinenden Augen, verleihen dem Mini das typische Aussehen. Es sind verschiedene Fellfarben m\u00f6glich. <\/span><\/p>\n<p class=\"p1\"><span class=\"s2\">Lebhaft, entschlossen, intelligent und ein nat\u00fcrliches Selbstvertrauen sind die Grundeigenschaften seines Wesens. Keinesfalls sollte ein Mini aggressiv oder \u00e4ngstlich sein! Seine Eigenwilligkeit erfordert eine konsequente Erziehung ohne Druck und H\u00e4rte.<\/span><\/p>\n<p class=\"p1\"><span class=\"s2\">Der Mini liebt es, im Mittelpunkt zu stehen und sich verw\u00f6hnen zu lassen. Menschen gegen\u00fcber ist er freundlich und seiner Familie liebevoll verbunden \u2013 ein angenehmer Hausgenosse.<\/span><\/p>\n<p>[\/et_pb_text][\/et_pb_column][et_pb_column type=&#8220;1_3&#8243;][et_pb_image _builder_version=&#8220;3.0.106&#8243; src=&#8220;http:\/\/www.minibull.ch\/site\/wp-content\/uploads\/2018\/04\/geschichte02.jpg.png&#8220; show_in_lightbox=&#8220;off&#8220; url_new_window=&#8220;off&#8220; use_overlay=&#8220;off&#8220; always_center_on_mobile=&#8220;on&#8220; force_fullwidth=&#8220;off&#8220; show_bottom_space=&#8220;on&#8220; \/][\/et_pb_column][\/et_pb_row][et_pb_row][et_pb_column type=&#8220;2_3&#8243;][et_pb_text _builder_version=&#8220;3.0.106&#8243; background_layout=&#8220;light&#8220;]<\/p>\n<p class=\"p1\"><strong><span class=\"s1\">Rassegeschichte<\/span><\/strong><\/p>\n<p class=\"p1\"><span class=\"s2\">In England seinem Ursprungsland, blickt der Miniature Bull Terrier bereits auf eine lange Tradition zur\u00fcck, die bis in die zweite H\u00e4lfte des 1900 Jarhunderts zur\u00fcckverfolgt werden kann. Die Rasse ist aus den alten Bull and Terrier hervorgegangen und wurde vielfach als \u00abRaubzeugj\u00e4ger\u00bb und \u00abRattenf\u00e4nger\u00bb eingesetzt. Es werden aber auch Erinnerungen an die georgianische Geschichtsepoche wach, als \u00f6ffentliche Vergn\u00fcgungen wie bull-baiting, rat pits und Hahnenk\u00e4mpfe weit verbreitet waren und ein Missbrauch dieser Tiere zur Unterhaltung der Besucher und zur Bereicherung der Besitzer dienten. In der Literatur kann man aber bereits sehr fr\u00fch Hinweise finden, dass der Toy Bull Terrier als Familienhund aussergew\u00f6hnlich liebevoll und treu ist. Er wird als vorz\u00fcglicher Wachhund beschrieben, der clever jeden Trick lernt und ein stets vergn\u00fcgter und vorz\u00fcglicher Gesellschafter ist. Hundefreude, welche diese Rasse besassen, waren sich einig, dass diese pfiffigen Hunde durch eine ausgepr\u00e4gte Individualit\u00e4t charakterisiert sind. Lange Jahre war man sich \u00fcber das \u00e4ussere Erscheinungsbild der Rasse nicht einig. F\u00fcr die einen galten Toy Bull Terrier mit den typischen Verzwergungsmerkmalen wie \u00abApfelkopf\u00bb und grosse runde Augen und einem sehr geringen Gewicht als besonders wertvoll. \u00abPony Queen\u00bb wog ausgewachsen 1,36 kg! Andere bevorzugten Hunde mit einem langen, keilf\u00f6rmigen Kopf und einem h\u00f6heren Gewicht. Kleine Hunde mit wenig perfekt geformtem Kopf wurden zu h\u00f6heren Preisen verkauft als ein gr\u00f6sserer mit einem richtig geformten Sch\u00e4del. Er galt als weniger wertvoll weil er gr\u00f6sser war.<\/span><\/p>\n<p class=\"p1\"><span class=\"s2\">Um 1900 reduzierte The Kennel Club das Gewichtslimit auf 3,6 kg. Diese Entscheidung bedeutete f\u00fcr die Rasse ein herber R\u00fcckschlag und der Mini verschwand immer mehr. es erwies sich als unm\u00f6glich einen kleinen Bull Terrier mit diesem geringen Gewicht zu z\u00fcchten.<\/span><\/p>\n<p class=\"p1\"><span class=\"s2\">Erst mit der Neugr\u00fcndung des Miniature Bull Terrier Clubs in England, ging es mit der Zucht kontinuierlich aufw\u00e4rts. Der Standard wurde neu verfasst und die fragw\u00fcrdige Gewichtsbeschr\u00e4nkung aufgehoben. Durch die gezielte Einkreuzung von kleinen Bull Terriern anfangs der 70er Jahre verbesserte sich der Typ und das rassetypische Exterieur. In den letzten Jahren hat der Miniature Bull Terrier zunehmend Liebhaber gefunden. Der Mini, mit seiner geringen Gr\u00f6sse und seinen typischen Charaktereigenschaften, stellt eine echte Alternative zum Standard Bull Terrier dar.<\/span><\/p>\n<p class=\"p1\"><span class=\"s2\">In der Schweiz wird der Miniature Bull Terrier seit 1991 gez\u00fcchtet.<\/span><\/p>\n<p>[\/et_pb_text][\/et_pb_column][et_pb_column type=&#8220;1_3&#8243;][et_pb_image _builder_version=&#8220;3.0.106&#8243; src=&#8220;http:\/\/www.minibull.ch\/site\/wp-content\/uploads\/2018\/04\/geschichte01.jpg.png&#8220; show_in_lightbox=&#8220;off&#8220; url_new_window=&#8220;off&#8220; use_overlay=&#8220;off&#8220; always_center_on_mobile=&#8220;on&#8220; force_fullwidth=&#8220;off&#8220; show_bottom_space=&#8220;on&#8220; \/][\/et_pb_column][\/et_pb_row][et_pb_row][et_pb_column type=&#8220;2_3&#8243;][et_pb_text _builder_version=&#8220;3.0.106&#8243; background_layout=&#8220;light&#8220;]<\/p>\n<p class=\"p1\"><strong><span class=\"s1\">Gesundheitsfragen<\/span><\/strong><\/p>\n<p class=\"p1\"><span class=\"s2\">Mit der Gr\u00fcndung des MBTCS, haben wir die Kontrolle \u00fcber die Zucht unserer Minis in der Schweiz \u00fcbernommen. Wir setzen alles daran, dieser Verpflichtung gerecht zu werden. Es ist eines unserer obersten Ziele offen \u00fcber gesundheitliche Probleme zu sprechen und diese zu bek\u00e4mpfen. Wir wollen Aufkl\u00e4rungsarbeit leisten und Wissen an Minibesitzer und solche die es werden wollen vermitteln und bem\u00fchen uns, eventuelle Probleme fr\u00fchzeitig zu erkennen um diesen mit allen uns zur Verf\u00fcgung stehenden Mitteln entgegenzuhalten.<\/span><\/p>\n<p class=\"p1\"><span class=\"s2\">Seit der Gr\u00fcndung 1998 arbeiten wir zusammen mit medizinischen Experten daran, ein Vorsorgesystem auszuarbeiten, welches f\u00fcr alle in der Zucht stehenden Hunde G\u00fcltigkeit hat. <\/span><\/p>\n<p>[\/et_pb_text][et_pb_text _builder_version=&#8220;3.0.106&#8243; background_layout=&#8220;light&#8220;]<\/p>\n<p class=\"p1\"><strong><span class=\"s1\">Folgende Vorsorgeuntersuchungen sind obligatorisch:<\/span><\/strong><\/p>\n<p class=\"p1\"><span class=\"s2\">Bei diesen Angaben handelt es sich lediglich um eine Zusammenfassung. Es w\u00fcrde den Rahmen sprengen, die umfangreichen Ausf\u00fchrungen wortgetreu wiederzugeben.<\/span><\/p>\n<ul>\n<li class=\"p1\"><span class=\"s1\">Augenuntersuchung<\/span><\/li>\n<li class=\"p1\"><span class=\"s2\">Prim\u00e4re Linsen-Luxation DNA Untersuchung <\/span><\/li>\n<li class=\"p1\"><span class=\"s2\">Zus\u00e4tzlich, j\u00e4hrliche Augenkontrolle durch einen Spezialarzt f\u00fcr Augenkrankheiten bei Tieren.<\/span><\/li>\n<li class=\"p1\"><span class=\"s1\">Herzuntersuchung<\/span><\/li>\n<li class=\"p1\"><span class=\"s2\">Anatomische Ver\u00e4nderungen<\/span><\/li>\n<li class=\"p1\"><span class=\"s2\">Einmalige Doppler-Ultraschall Untersuchung<\/span><\/li>\n<li class=\"p1\"><span class=\"s1\">Nierenuntersuchung<\/span><\/li>\n<li class=\"p1\"><span class=\"s2\">Einschr\u00e4nkung der Nierenfunktion<\/span><\/li>\n<li class=\"p1\"><span class=\"s2\">J\u00e4hrliche \u00dcberpr\u00fcfung der Nierenfunktion <\/span><\/li>\n<\/ul>\n<p class=\"p1\"><span class=\"s2\">\u00a0<\/span><\/p>\n<p>[\/et_pb_text][\/et_pb_column][et_pb_column type=&#8220;1_3&#8243;][et_pb_image _builder_version=&#8220;3.0.106&#8243; src=&#8220;http:\/\/www.minibull.ch\/site\/wp-content\/uploads\/2018\/04\/adonis.puppy_.jpg.png&#8220; show_in_lightbox=&#8220;off&#8220; url_new_window=&#8220;off&#8220; use_overlay=&#8220;off&#8220; always_center_on_mobile=&#8220;on&#8220; force_fullwidth=&#8220;off&#8220; show_bottom_space=&#8220;on&#8220; \/][\/et_pb_column][\/et_pb_row][et_pb_row][et_pb_column type=&#8220;4_4&#8243;][et_pb_testimonial _builder_version=&#8220;3.0.106&#8243; url_new_window=&#8220;off&#8220; quote_icon=&#8220;on&#8220; use_background_color=&#8220;on&#8220; quote_icon_background_color=&#8220;#f5f5f5&#8243; background_layout=&#8220;light&#8220;]<\/p>\n<h4 style=\"text-align: center;\"><span class=\"s2\">Wir sind uns bewusst, dass diese umfassenden Anforderungen hohe Anspr\u00fcche an unsere Hunde, Z\u00fcchter und Deckr\u00fcdenbesitzer stellen. Aber wir sind uns alle einig: <\/span><\/h4>\n<h4 style=\"text-align: center;\"><span class=\"s2\">WIR TUN ES ZUM WOHLE UNSERER MINIS &#8211; SIE HABEN ES VERDIENT!<\/span><\/h4>\n<p>[\/et_pb_testimonial][\/et_pb_column][\/et_pb_row][\/et_pb_section]<\/p>\n","protected":false},"excerpt":{"rendered":"<p><div class=\"et_pb_row et_pb_row_0 et_pb_row_empty\">\n\t\t\t\t\n\t\t\t\t\n\t\t\t\t\n\t\t\t\t\n\t\t\t\t\n\t\t\t<\/div><div class=\"et_pb_row et_pb_row_1 et_pb_row_empty\">\n\t\t\t\t\n\t\t\t\t\n\t\t\t\t\n\t\t\t\t\n\t\t\t\t\n\t\t\t<\/div> Rasseportrait Der Miniature Bull Terrier, eine v\u00f6llig eigenst\u00e4ndige Hunderasse, ist mit einer Gr\u00f6sse von rund 36 cm Schulterh\u00f6he die verkleinerte Ausgabe des Bull Terriers. Der Mini ist jedoch kein echter Zwerg. Wenn er dem Rassestandard entspricht, fehlen ihm die typischen Merkmale eines Zwerghundes wie runder Sch\u00e4del oder runde Augen. Er erreicht ein K\u00f6rpergewicht von [&hellip;]<\/p>\n","protected":false},"author":1,"featured_media":0,"parent":0,"menu_order":0,"comment_status":"closed","ping_status":"closed","template":"","meta":{"_et_pb_use_builder":"on","_et_pb_old_content":"","_et_gb_content_width":"","footnotes":""},"class_list":["post-59","page","type-page","status-publish","hentry"],"_links":{"self":[{"href":"https:\/\/www.minibull.ch\/site\/wp-json\/wp\/v2\/pages\/59"}],"collection":[{"href":"https:\/\/www.minibull.ch\/site\/wp-json\/wp\/v2\/pages"}],"about":[{"href":"https:\/\/www.minibull.ch\/site\/wp-json\/wp\/v2\/types\/page"}],"author":[{"embeddable":true,"href":"https:\/\/www.minibull.ch\/site\/wp-json\/wp\/v2\/users\/1"}],"replies":[{"embeddable":true,"href":"https:\/\/www.minibull.ch\/site\/wp-json\/wp\/v2\/comments?post=59"}],"version-history":[{"count":8,"href":"https:\/\/www.minibull.ch\/site\/wp-json\/wp\/v2\/pages\/59\/revisions"}],"predecessor-version":[{"id":116,"href":"https:\/\/www.minibull.ch\/site\/wp-json\/wp\/v2\/pages\/59\/revisions\/116"}],"wp:attachment":[{"href":"https:\/\/www.minibull.ch\/site\/wp-json\/wp\/v2\/media?parent=59"}],"curies":[{"name":"wp","href":"https:\/\/api.w.org\/{rel}","templated":true}]}}